{"id":26950,"date":"1982-08-24T00:00:00","date_gmt":"1982-08-23T21:00:00","guid":{"rendered":"https:\/\/www.ircica.org\/publications\/kategorilenmemis\/%d8%a3%d9%88%d9%82%d8%a7%d9%81-%d9%88%d8%a3%d9%85%d9%84%d8%a7%d9%83-%d8%a7%d9%84%d9%85%d8%b3%d9%84%d9%85%d9%8a%d9%86-%d9%81%d9%8a-%d9%81%d9%84%d8%b3%d8%b7%d9%8a%d9%86-the-muslim-pious-foundations-and"},"modified":"2025-07-07T16:43:58","modified_gmt":"2025-07-07T13:43:58","slug":"%d8%a3%d9%88%d9%82%d8%a7%d9%81-%d9%88%d8%a3%d9%85%d9%84%d8%a7%d9%83-%d8%a7%d9%84%d9%85%d8%b3%d9%84%d9%85%d9%8a%d9%86-%d9%81%d9%8a-%d9%81%d9%84%d8%b3%d8%b7%d9%8a%d9%86-the-muslim-pious-foundations-and","status":"publish","type":"product","link":"https:\/\/www.ircica.org\/tr\/yayinlar\/islam-medeniyeti-tarihi\/asya\/orta-dogu-ve-akdeniz\/kuduste-musluman-vakiflari-ve-emlaki","title":{"rendered":"Kud\u00fcs\u2019te M\u00fcsl\u00fcman Vak\u0131flar\u0131 ve Emlak\u0131"},"content":{"rendered":"<p>Filistin&#8217;in be\u015f b\u00f6lgesindeki (Kud\u00fcs, Gazze, Safad, Nablus ve Acl\u00fbn) vak\u0131flara ve M\u00fcsl\u00fcman m\u00fclklerine ili\u015fkin, 16. y\u00fczy\u0131la ait bir Osmanl\u0131 Devleti Tahrir Sicili&#8217;nden \u00fc\u00e7 ba\u015fka sicille kar\u015f\u0131la\u015ft\u0131rmal\u0131 olarak \u00e7\u00f6z\u00fcmlenerek kaydedilmi\u015f bilgileri Arap\u00e7a metinlerle sunan bu yay\u0131na \u015fah\u0131s, yer ve terimler endeksleri eklenmi\u015ftir. Yay\u0131n t\u00fckenmi\u015f oldu\u011fundan IRCICA taraf\u0131ndan 2024\u2019te ikinci edisyonu bas\u0131lm\u0131\u015ft\u0131r.<\/p>\n","protected":false},"excerpt":{"rendered":"<p>Derleyen: Mehmet \u0130p\u015firli, Mohammed Da&#8217;oud Al Tamimi<br \/>\n\u0130stanbul, 1982 (Arap\u00e7a)<\/p>\n","protected":false},"featured_media":26943,"template":"","meta":{"_acf_changed":false,"_mi_skip_tracking":false},"product_cat":[165,192],"product_tag":[],"class_list":{"0":"post-26950","1":"product","2":"type-product","3":"status-publish","4":"has-post-thumbnail","6":"product_cat-islam-medeniyeti-tarihi","7":"product_cat-orta-dogu-ve-akdeniz","9":"first","10":"outofstock","11":"shipping-taxable","12":"purchasable","13":"product-type-simple"},"acf":[],"aioseo_notices":[],"_links":{"self":[{"href":"https:\/\/www.ircica.org\/tr\/wp-json\/wp\/v2\/product\/26950","targetHints":{"allow":["GET"]}}],"collection":[{"href":"https:\/\/www.ircica.org\/tr\/wp-json\/wp\/v2\/product"}],"about":[{"href":"https:\/\/www.ircica.org\/tr\/wp-json\/wp\/v2\/types\/product"}],"wp:featuredmedia":[{"embeddable":true,"href":"https:\/\/www.ircica.org\/tr\/wp-json\/wp\/v2\/media\/26943"}],"wp:attachment":[{"href":"https:\/\/www.ircica.org\/tr\/wp-json\/wp\/v2\/media?parent=26950"}],"wp:term":[{"taxonomy":"product_cat","embeddable":true,"href":"https:\/\/www.ircica.org\/tr\/wp-json\/wp\/v2\/product_cat?post=26950"},{"taxonomy":"product_tag","embeddable":true,"href":"https:\/\/www.ircica.org\/tr\/wp-json\/wp\/v2\/product_tag?post=26950"}],"curies":[{"name":"wp","href":"https:\/\/api.w.org\/{rel}","templated":true}]}}