{"id":26967,"date":"1997-08-24T00:00:00","date_gmt":"1997-08-23T21:00:00","guid":{"rendered":"https:\/\/www.ircica.org\/publications\/kategorilenmemis\/the-advent-of-islam-in-korea-a-historical-account"},"modified":"2025-07-07T16:43:59","modified_gmt":"2025-07-07T13:43:59","slug":"the-advent-of-islam-in-korea-a-historical-account","status":"publish","type":"product","link":"https:\/\/www.ircica.org\/tr\/yayinlar\/islam-medeniyeti-tarihi\/asya\/koreye-islamin-girisi-bir-tarihin-kaydi","title":{"rendered":"Kore&#8217;ye \u0130slam&#8217;\u0131n Giri\u015fi (Bir Tarihin Kayd\u0131)"},"content":{"rendered":"<p>Kore ile \u0130slam d\u00fcnyas\u0131 aras\u0131ndaki k\u00fclt\u00fcrel temaslar\u0131n, eski \u00c7in ile Arabistan aras\u0131nda deniz yollar\u0131 \u00fczerinden yap\u0131lan ticar\u00ee ili\u015fkilerle geli\u015fti\u011fi kabul edilmekte ve 3. Hicr\u00ee as\u0131r\/9. Y\u00fczy\u0131l ortalar\u0131nda ba\u015flad\u0131\u011f\u0131na inan\u0131lmaktad\u0131r. Uzmanlar\u0131n bu orta kanate varmalar\u0131ndan \u00f6nceki bilgi, \u0130slam&#8217;\u0131n Kore&#8217;ye 1955&#8217;te BM g\u00fcc\u00fcne kat\u0131lan T\u00fcrk kara birlikleri taraf\u0131ndan getirildi\u011fi y\u00f6n\u00fcndeydi. Oysa \u0130slam dini veya k\u00fclt\u00fcrel etkisi Kore&#8217;ye \u00e7ok \u00f6nceden n\u00fcfuz etmi\u015fti. Bu kitap, Kore ile \u0130slam d\u00fcnyas\u0131 aras\u0131ndaki yak\u0131n ve dostane temaslar\u0131n yan\u0131 s\u0131ra Kore&#8217;deki modern \u00f6ncesi d\u00f6nemde T\u00fcrk\u00ee topluluklar\u0131n\u0131n e\u011fitim faaliyetleriyle desteklenen bu tarih\u00ee miras\u0131n \u00e7e\u015fitli y\u00f6nlerini incelemektedir.<\/p>\n<p>Bu inceleme, kendi konusunda \u00e7\u0131\u011f\u0131r a\u00e7\u0131c\u0131 olmu\u015ftur. Yazar, Prof. Hee Soo LEE, Kore Hanyang \u00dcniversitesi K\u00fclt\u00fcrel Antropoloji B\u00f6l\u00fcm\u00fcnde \u00f6\u011fretim \u00fcyesi ve \u00dcniversite M\u00fczesinin Direkt\u00f6r\u00fcd\u00fcr. \u0130stanbul \u00dcniversitesi&#8217;ndeki &#8220;T\u00fcrk-\u0130slam k\u00fclt\u00fcr\u00fcn\u00fcn Do\u011fu Asya&#8217;ya yay\u0131lmas\u0131&#8221; ba\u015fl\u0131kl\u0131 tezine y\u00f6nelik doktora \u00e7al\u0131\u015fmalar\u0131ndan itibaren bu tema \u00fczerinde y\u0131llarca ara\u015ft\u0131rma yapm\u0131\u015ft\u0131r. IRCICA&#8217;n\u0131n daveti \u00fczerine yazar tezini \u0130ngilizceye \u00e7evirmi\u015f, \u201cKore&#8217;ye \u0130slam&#8217;\u0131n Giri\u015fi (Bir Tarihin Kayd\u0131)\u201d ba\u015fl\u0131kl\u0131 bu kitap b\u00f6ylece ortaya \u00e7\u0131km\u0131\u015ft\u0131r. Yazar\u0131n bu konuya olan ilgisi o zamandan beri devam etmi\u015f ve daha sonra, 2020\u2019de yine IRCICA taraf\u0131ndan yay\u0131nlanan \u201cKore ve M\u00fcsl\u00fcman D\u00fcnyas\u0131: Bir Tarihin Kayd\u0131\u201d ba\u015fl\u0131kl\u0131 eser ortaya \u00e7\u0131km\u0131\u015ft\u0131r.<\/p>\n","protected":false},"excerpt":{"rendered":"<p>Yazar\u0131: Hee-Soo LEE<br \/>\n\u0130stanbul, 1997 (\u0130ngilizce)<\/p>\n","protected":false},"featured_media":26964,"template":"","meta":{"_acf_changed":false,"_mi_skip_tracking":false},"product_cat":[178,171],"product_tag":[],"class_list":{"0":"post-26967","1":"product","2":"type-product","3":"status-publish","4":"has-post-thumbnail","6":"product_cat-asya","7":"product_cat-kulturlerarasi-iliskiler","9":"first","10":"outofstock","11":"shipping-taxable","12":"purchasable","13":"product-type-simple"},"acf":[],"aioseo_notices":[],"_links":{"self":[{"href":"https:\/\/www.ircica.org\/tr\/wp-json\/wp\/v2\/product\/26967","targetHints":{"allow":["GET"]}}],"collection":[{"href":"https:\/\/www.ircica.org\/tr\/wp-json\/wp\/v2\/product"}],"about":[{"href":"https:\/\/www.ircica.org\/tr\/wp-json\/wp\/v2\/types\/product"}],"wp:featuredmedia":[{"embeddable":true,"href":"https:\/\/www.ircica.org\/tr\/wp-json\/wp\/v2\/media\/26964"}],"wp:attachment":[{"href":"https:\/\/www.ircica.org\/tr\/wp-json\/wp\/v2\/media?parent=26967"}],"wp:term":[{"taxonomy":"product_cat","embeddable":true,"href":"https:\/\/www.ircica.org\/tr\/wp-json\/wp\/v2\/product_cat?post=26967"},{"taxonomy":"product_tag","embeddable":true,"href":"https:\/\/www.ircica.org\/tr\/wp-json\/wp\/v2\/product_tag?post=26967"}],"curies":[{"name":"wp","href":"https:\/\/api.w.org\/{rel}","templated":true}]}}