{"id":27060,"date":"2009-08-24T00:00:00","date_gmt":"2009-08-23T21:00:00","guid":{"rendered":"https:\/\/www.ircica.org\/publications\/kategorilenmemis\/islamic-art-terms-lexicon-explained-and-illustrated-1994"},"modified":"2025-07-07T16:44:06","modified_gmt":"2025-07-07T13:44:06","slug":"islamic-art-terms-lexicon-explained-and-illustrated-1994","status":"publish","type":"product","link":"https:\/\/www.ircica.org\/tr\/yayinlar\/sanat-el-sanatlari\/islam-sanatlari-terimleri-lugatce-aciklamali-ve-resimli-1994","title":{"rendered":"\u0130slam Sanatlar\u0131 Terimleri (L\u00fcgat\u00e7e: A\u00e7\u0131klamal\u0131 ve Resimli), 1994"},"content":{"rendered":"<p>Bu L\u00fcgat\u00e7e, s\u00fcsleme sanatlar\u0131 da dahil olmak \u00fczere \u0130slam sanatlar\u0131nda ve mimarisinde kullan\u0131lan 1400 terimin \u0130ngilizce- Arap\u00e7a kar\u015f\u0131l\u0131klar\u0131n\u0131 vermektedir. 1990&#8217;larda IRCICA&#8217;da g\u00f6rev yapan M\u0131s\u0131rl\u0131 uzman Dr. Ahmad M. Issa taraf\u0131ndan haz\u0131rlanm\u0131\u015ft\u0131r. Madde giri\u015fleri \u0130ngilizce&#8217;dir. Arap\u00e7a terimlerin bir dizini eklenmi\u015ftir.<\/p>\n","protected":false},"excerpt":{"rendered":"<p>Haz\u0131rlayan: Ahmad M. Issa<br \/>\nResimleme: Mahmoud Al-Toukhy<br \/>\n\u0130stanbul, 1994 (\u0130ngilizce-Arap\u00e7a)<\/p>\n","protected":false},"featured_media":27057,"template":"","meta":{"_acf_changed":false,"_mi_skip_tracking":false},"product_cat":[163],"product_tag":[],"class_list":{"0":"post-27060","1":"product","2":"type-product","3":"status-publish","4":"has-post-thumbnail","6":"product_cat-sanat-el-sanatlari","8":"first","9":"outofstock","10":"shipping-taxable","11":"purchasable","12":"product-type-simple"},"acf":[],"aioseo_notices":[],"_links":{"self":[{"href":"https:\/\/www.ircica.org\/tr\/wp-json\/wp\/v2\/product\/27060","targetHints":{"allow":["GET"]}}],"collection":[{"href":"https:\/\/www.ircica.org\/tr\/wp-json\/wp\/v2\/product"}],"about":[{"href":"https:\/\/www.ircica.org\/tr\/wp-json\/wp\/v2\/types\/product"}],"wp:featuredmedia":[{"embeddable":true,"href":"https:\/\/www.ircica.org\/tr\/wp-json\/wp\/v2\/media\/27057"}],"wp:attachment":[{"href":"https:\/\/www.ircica.org\/tr\/wp-json\/wp\/v2\/media?parent=27060"}],"wp:term":[{"taxonomy":"product_cat","embeddable":true,"href":"https:\/\/www.ircica.org\/tr\/wp-json\/wp\/v2\/product_cat?post=27060"},{"taxonomy":"product_tag","embeddable":true,"href":"https:\/\/www.ircica.org\/tr\/wp-json\/wp\/v2\/product_tag?post=27060"}],"curies":[{"name":"wp","href":"https:\/\/api.w.org\/{rel}","templated":true}]}}