{"id":27837,"date":"1987-12-02T00:00:00","date_gmt":"1987-12-01T22:00:00","guid":{"rendered":"https:\/\/www.ircica.org\/publications\/kategorilenmemis\/osmanli-ilmi-ve-mesleki-cemiyetleri-1-milli-bilim-tarihi-sempozyumu-3-5-nisan-1987"},"modified":"2025-07-07T16:44:09","modified_gmt":"2025-07-07T13:44:09","slug":"osmanli-ilmi-ve-mesleki-cemiyetleri-1-milli-bilim-tarihi-sempozyumu-3-5-nisan-1987","status":"publish","type":"product","link":"https:\/\/www.ircica.org\/tr\/yayinlar\/osmanli-devleti-ve-medeniyeti\/osmanli-ilmi-ve-mesleki-cemiyetleri","title":{"rendered":"Osmanl\u0131 \u0130lm\u00ee ve Meslek\u00ee Cemiyetleri"},"content":{"rendered":"<p>IRCICA ile \u0130stanbul \u00dcniversitesi, Edebiyat Fak\u00fcltesi, Bilim Tarihi B\u00f6l\u00fcm\u00fc taraf\u0131ndan d\u00fczenlenen sempozyumda sunulan bildirilerin bu derlemesinde Giri\u015f b\u00f6l\u00fcm\u00fc , Osmanl\u0131 Devleti&#8217;ndeki bilim ve e\u011fitim derneklerinin tarih\u00e7esini vermektedir.<\/p>\n","protected":false},"excerpt":{"rendered":"<p><strong>1. Mill\u00ee Bilim Tarihi Sempozyumu, 3-5 Nisan 1987<\/strong><\/p>\n<p>Ed. ve Giri\u015f: Ekmeleddin \u0130hsano\u011flu<br \/>\n\u0130stanbul, 1987<\/p>\n","protected":false},"featured_media":27834,"template":"","meta":{"_acf_changed":false,"_mi_skip_tracking":false},"product_cat":[368],"product_tag":[],"class_list":{"0":"post-27837","1":"product","2":"type-product","3":"status-publish","4":"has-post-thumbnail","6":"product_cat-osmanli-devleti-ve-medeniyeti","8":"first","9":"outofstock","10":"shipping-taxable","11":"purchasable","12":"product-type-simple"},"acf":[],"aioseo_notices":[],"_links":{"self":[{"href":"https:\/\/www.ircica.org\/tr\/wp-json\/wp\/v2\/product\/27837","targetHints":{"allow":["GET"]}}],"collection":[{"href":"https:\/\/www.ircica.org\/tr\/wp-json\/wp\/v2\/product"}],"about":[{"href":"https:\/\/www.ircica.org\/tr\/wp-json\/wp\/v2\/types\/product"}],"wp:featuredmedia":[{"embeddable":true,"href":"https:\/\/www.ircica.org\/tr\/wp-json\/wp\/v2\/media\/27834"}],"wp:attachment":[{"href":"https:\/\/www.ircica.org\/tr\/wp-json\/wp\/v2\/media?parent=27837"}],"wp:term":[{"taxonomy":"product_cat","embeddable":true,"href":"https:\/\/www.ircica.org\/tr\/wp-json\/wp\/v2\/product_cat?post=27837"},{"taxonomy":"product_tag","embeddable":true,"href":"https:\/\/www.ircica.org\/tr\/wp-json\/wp\/v2\/product_tag?post=27837"}],"curies":[{"name":"wp","href":"https:\/\/api.w.org\/{rel}","templated":true}]}}