{"id":27862,"date":"1990-12-27T00:00:00","date_gmt":"1990-12-26T22:00:00","guid":{"rendered":"https:\/\/www.ircica.org\/publications\/kategorilenmemis\/%d8%a7%d8%ae%d8%aa%d8%a7%d9%85-%d8%a7%d9%84%d8%a8%d8%b1%d9%8a%d8%af-%d8%a7%d9%84%d8%b9%d8%ab%d9%85%d8%a7%d9%86%d9%8a-the-ottoman-postal-stamps"},"modified":"2025-07-07T16:44:10","modified_gmt":"2025-07-07T13:44:10","slug":"%d8%a7%d8%ae%d8%aa%d8%a7%d9%85-%d8%a7%d9%84%d8%a8%d8%b1%d9%8a%d8%af-%d8%a7%d9%84%d8%b9%d8%ab%d9%85%d8%a7%d9%86%d9%8a-the-ottoman-postal-stamps","status":"publish","type":"product","link":"https:\/\/www.ircica.org\/tr\/yayinlar\/bibliografyalar-kataloglar\/osmanli-posta-damgalari","title":{"rendered":"Osmanl\u0131 Posta Damgalar\u0131"},"content":{"rendered":"<p>Bu katalog, Osmanl\u0131 Posta \u0130daresi&#8217;nin 1910-1918 y\u0131llar\u0131 aras\u0131nda kulland\u0131\u011f\u0131 2000&#8217;i a\u015fk\u0131n posta pulunun resimlerini kapsamaktad\u0131r. \u015eehirle\u015fme tarihi, demografik hareketler, ticaret, asker\u00ee tarih konular\u0131yla ilgilenen ara\u015ft\u0131rmac\u0131lar ve pul merakl\u0131lar\u0131 i\u00e7in tasarlanm\u0131\u015ft\u0131r.<\/p>\n","protected":false},"excerpt":{"rendered":"<p>Hidayet Y. Nuho\u011flu, Talip Mert<br \/>\n\u0130stanbul, 1990 (T\u00fcrk\u00e7e ve Arap\u00e7a)<\/p>\n","protected":false},"featured_media":27859,"template":"","meta":{"_acf_changed":false,"_mi_skip_tracking":false},"product_cat":[182],"product_tag":[],"class_list":{"0":"post-27862","1":"product","2":"type-product","3":"status-publish","4":"has-post-thumbnail","6":"product_cat-bibliografyalar-kataloglar","8":"first","9":"outofstock","10":"shipping-taxable","11":"purchasable","12":"product-type-simple"},"acf":[],"aioseo_notices":[],"_links":{"self":[{"href":"https:\/\/www.ircica.org\/tr\/wp-json\/wp\/v2\/product\/27862","targetHints":{"allow":["GET"]}}],"collection":[{"href":"https:\/\/www.ircica.org\/tr\/wp-json\/wp\/v2\/product"}],"about":[{"href":"https:\/\/www.ircica.org\/tr\/wp-json\/wp\/v2\/types\/product"}],"wp:featuredmedia":[{"embeddable":true,"href":"https:\/\/www.ircica.org\/tr\/wp-json\/wp\/v2\/media\/27859"}],"wp:attachment":[{"href":"https:\/\/www.ircica.org\/tr\/wp-json\/wp\/v2\/media?parent=27862"}],"wp:term":[{"taxonomy":"product_cat","embeddable":true,"href":"https:\/\/www.ircica.org\/tr\/wp-json\/wp\/v2\/product_cat?post=27862"},{"taxonomy":"product_tag","embeddable":true,"href":"https:\/\/www.ircica.org\/tr\/wp-json\/wp\/v2\/product_tag?post=27862"}],"curies":[{"name":"wp","href":"https:\/\/api.w.org\/{rel}","templated":true}]}}