{"id":27873,"date":"2009-05-26T00:00:00","date_gmt":"2009-05-25T21:00:00","guid":{"rendered":"https:\/\/www.ircica.org\/publications\/kategorilenmemis\/%d8%a8%d9%84%d8%a7%d8%af-%d8%a7%d9%84%d8%b4%d8%a7%d9%85-%d9%81%d9%8a-%d8%a7%d9%84%d8%b9%d9%87%d8%af-%d8%a7%d9%84%d8%b9%d8%ab%d9%85%d8%a7%d9%86%d9%8a-%d8%a8%d8%ad%d9%88%d8%ab-%d8%a7%d9%84%d9%86%d8%af"},"modified":"2025-07-07T16:44:11","modified_gmt":"2025-07-07T13:44:11","slug":"%d8%a8%d9%84%d8%a7%d8%af-%d8%a7%d9%84%d8%b4%d8%a7%d9%85-%d9%81%d9%8a-%d8%a7%d9%84%d8%b9%d9%87%d8%af-%d8%a7%d9%84%d8%b9%d8%ab%d9%85%d8%a7%d9%86%d9%8a-%d8%a8%d8%ad%d9%88%d8%ab-%d8%a7%d9%84%d9%86%d8%af","status":"publish","type":"product","link":"https:\/\/www.ircica.org\/tr\/yayinlar\/islam-medeniyeti-tarihi\/asya\/orta-dogu-ve-akdeniz\/osmanli-doneminde-biladus-sam-uluslararasi-sempozyumu-bildirileri","title":{"rendered":"Osmanl\u0131 D\u00f6neminde Bil\u00e2d\u00fc&#8217;\u015f-\u015eam Uluslararas\u0131 Sempozyumu Bildirileri"},"content":{"rendered":"<p>IRCICA ile Suriye K\u00fclt\u00fcr Bakanl\u0131\u011f\u0131 i\u015fbirli\u011finde d\u00fczenlenen &#8220;Osmanl\u0131 D\u00f6neminde Bil\u00e2d\u00fc&#8217;\u015f \u015eam&#8221; sempozyumu g\u00fcn\u00fcm\u00fcz\u00fcn \u00dcrd\u00fcn, L\u00fcbnan, Filistin ve Suriye co\u011frafyalar\u0131n\u0131 kapsayan, Osmanl\u0131 \u0130mparatorlu\u011fu&#8217;nun siyasi, ekonomik ve k\u00fclt\u00fcrel tarihinde daima \u00f6nemli bir yere sahip olmu\u015f olan b\u00f6lgenin tarihine ili\u015fkin akademik \u00e7al\u0131\u015fmalar\u0131 bir araya getirmi\u015fti. Bildiriler \u015fu konu ba\u015fl\u0131klar\u0131 alt\u0131nda sunulmu\u015ftu: Devlet ve Toplum, Ekonomi, Modernle\u015fme, E\u011fitim ve K\u00fclt\u00fcr, Kentler ve Altyap\u0131. Tart\u0131\u015fmalarda ayr\u0131ca, ara\u015ft\u0131rma metodolojisi ve referans kaynaklar\u0131 konular\u0131 da ele al\u0131nm\u0131\u015ft\u0131. Kitapta \u0130ngilizce ve Arap\u00e7a makaleler bulunmaktad\u0131r.<\/p>\n","protected":false},"excerpt":{"rendered":"<p><strong>\u015eam, 26-30 Eyl\u00fcl 2005<\/strong><\/p>\n<p>\u0130stanbul, 2009<br \/>\n(Arap\u00e7a ve \u0130ngilizce)<\/p>\n","protected":false},"featured_media":27866,"template":"","meta":{"_acf_changed":false,"_mi_skip_tracking":false},"product_cat":[165,192],"product_tag":[],"class_list":{"0":"post-27873","1":"product","2":"type-product","3":"status-publish","4":"has-post-thumbnail","6":"product_cat-islam-medeniyeti-tarihi","7":"product_cat-orta-dogu-ve-akdeniz","9":"first","10":"instock","11":"shipping-taxable","12":"product-type-simple"},"acf":[],"aioseo_notices":[],"_links":{"self":[{"href":"https:\/\/www.ircica.org\/tr\/wp-json\/wp\/v2\/product\/27873","targetHints":{"allow":["GET"]}}],"collection":[{"href":"https:\/\/www.ircica.org\/tr\/wp-json\/wp\/v2\/product"}],"about":[{"href":"https:\/\/www.ircica.org\/tr\/wp-json\/wp\/v2\/types\/product"}],"wp:featuredmedia":[{"embeddable":true,"href":"https:\/\/www.ircica.org\/tr\/wp-json\/wp\/v2\/media\/27866"}],"wp:attachment":[{"href":"https:\/\/www.ircica.org\/tr\/wp-json\/wp\/v2\/media?parent=27873"}],"wp:term":[{"taxonomy":"product_cat","embeddable":true,"href":"https:\/\/www.ircica.org\/tr\/wp-json\/wp\/v2\/product_cat?post=27873"},{"taxonomy":"product_tag","embeddable":true,"href":"https:\/\/www.ircica.org\/tr\/wp-json\/wp\/v2\/product_tag?post=27873"}],"curies":[{"name":"wp","href":"https:\/\/api.w.org\/{rel}","templated":true}]}}