{"id":27938,"date":"2003-08-24T00:00:00","date_gmt":"2003-08-23T21:00:00","guid":{"rendered":"https:\/\/www.ircica.org\/publications\/kategorilenmemis\/the-diwani-jaly-diwani-riqa-mashqs-by-m-halim-ozyazici"},"modified":"2025-07-07T16:44:14","modified_gmt":"2025-07-07T13:44:14","slug":"the-diwani-jaly-diwani-riqa-mashqs-by-m-halim-ozyazici","status":"publish","type":"product","link":"https:\/\/www.ircica.org\/tr\/yayinlar\/sanat-el-sanatlari\/m-halim-ozyazicinin-divani-celi-divani-rika-meskleri","title":{"rendered":"M. Halim \u00d6zyaz\u0131c\u0131&#8217;n\u0131n Divani-Celi Divani-R\u0131k&#8217;a Me\u015fkleri"},"content":{"rendered":"<p>Bu alb\u00fcm, \u00f6nde gelen hat sanat\u0131 ustas\u0131 Mustafa Halim \u00d6zyaz\u0131c\u0131&#8217;n\u0131n (1898-1964) \u00f6\u011frencisi ve daha sonra tan\u0131nm\u0131\u015f hat hocas\u0131 olan Prof. Dr. Ali Alparslan (1925-2006) i\u00e7in haz\u0131rlad\u0131\u011f\u0131 me\u015fkleri kapsamaktad\u0131r. Kitapta \u00d6zyaz\u0131c\u0131\u2019n\u0131n hayat\u0131 ve eserleri hakk\u0131nda da bilgiler yer almaktad\u0131r:1914&#8217;ten itibaren \u0130stanbul Hattat Mektebi&#8217;nde \u00f6\u011frenim g\u00f6ren \u00d6zyaz\u0131c\u0131 1918&#8217;den sonra Div\u00e2n-\u0131 Hum\u00e2y\u00fbn Kalemindeki hizmetleri s\u0131ras\u0131nda divan\u00ee ve celi divan\u00ee yaz\u0131lar\u0131 konusunda daha fazla tecr\u00fcbe kazand\u0131. Bu iki daldaki me\u015fkleri 1958\u2019den itibaren haz\u0131rlad\u0131. Divan-\u0131 H\u00fcmayun d\u0131\u015f\u0131nda kullan\u0131lmad\u0131klar\u0131 g\u00f6z \u00f6n\u00fcne al\u0131nd\u0131\u011f\u0131nda \u00d6zyaz\u0131c\u0131&#8217;n\u0131n bu yaz\u0131 dallar\u0131nda haz\u0131rlad\u0131\u011f\u0131 tek me\u015fklerin bunlar oldu\u011fu anla\u015f\u0131lmaktad\u0131r. Kitapta ayr\u0131ca rik\u2019a i\u00e7in haz\u0131rlad\u0131\u011f\u0131 me\u015fkler de verilmi\u015ftir.<\/p>\n","protected":false},"excerpt":{"rendered":"<p>Derleyen: Mohammed Tamimi<br \/>\n\u0130stanbul, 2003 (Arap\u00e7a, \u0130ngilizce, T\u00fcrk\u00e7e)<\/p>\n","protected":false},"featured_media":27932,"template":"","meta":{"_acf_changed":false,"_mi_skip_tracking":false},"product_cat":[163],"product_tag":[],"class_list":{"0":"post-27938","1":"product","2":"type-product","3":"status-publish","4":"has-post-thumbnail","6":"product_cat-sanat-el-sanatlari","8":"first","9":"outofstock","10":"shipping-taxable","11":"purchasable","12":"product-type-simple"},"acf":[],"aioseo_notices":[],"_links":{"self":[{"href":"https:\/\/www.ircica.org\/tr\/wp-json\/wp\/v2\/product\/27938","targetHints":{"allow":["GET"]}}],"collection":[{"href":"https:\/\/www.ircica.org\/tr\/wp-json\/wp\/v2\/product"}],"about":[{"href":"https:\/\/www.ircica.org\/tr\/wp-json\/wp\/v2\/types\/product"}],"wp:featuredmedia":[{"embeddable":true,"href":"https:\/\/www.ircica.org\/tr\/wp-json\/wp\/v2\/media\/27932"}],"wp:attachment":[{"href":"https:\/\/www.ircica.org\/tr\/wp-json\/wp\/v2\/media?parent=27938"}],"wp:term":[{"taxonomy":"product_cat","embeddable":true,"href":"https:\/\/www.ircica.org\/tr\/wp-json\/wp\/v2\/product_cat?post=27938"},{"taxonomy":"product_tag","embeddable":true,"href":"https:\/\/www.ircica.org\/tr\/wp-json\/wp\/v2\/product_tag?post=27938"}],"curies":[{"name":"wp","href":"https:\/\/api.w.org\/{rel}","templated":true}]}}