{"id":27956,"date":"1993-08-24T00:00:00","date_gmt":"1993-08-23T21:00:00","guid":{"rendered":"https:\/\/www.ircica.org\/publications\/kategorilenmemis\/prospects-for-development-of-traditional-crafts-in-oic-countries-1993"},"modified":"2025-07-07T16:44:15","modified_gmt":"2025-07-07T13:44:15","slug":"prospects-for-development-of-traditional-crafts-in-oic-countries-1993","status":"publish","type":"product","link":"https:\/\/www.ircica.org\/tr\/yayinlar\/sanat-el-sanatlari\/islam-isbirligi-teskilati-ulkelerinde-geleneksel-el-sanatlarinin-gelisim-imkanlari-1993","title":{"rendered":"\u0130slam \u0130\u015fbirli\u011fi Te\u015fkilat\u0131 \u00dclkelerinde Geleneksel El Sanatlar\u0131n\u0131n Geli\u015fim \u0130mk\u00e2nlar\u0131, 1993"},"content":{"rendered":"<p>Bu kitap Rabat&#8217;ta, Ribat al-Fath Derne\u011fi ile IRCICA taraf\u0131ndan 23-25 kim 1991 tarihlerinde d\u00fczenlenen Elsanatlar\u0131nda Geli\u015fme \u0130mk\u00e2nlar\u0131 Uluslararas\u0131 Semineri e\u015fli\u011findeki sergide farkl\u0131 \u00fclkelerden sanatk\u00e2rlar\u0131n sergiledikleri el eme\u011fi eserlerin resimlerini kapsamaktad\u0131r. Kitapta sanatk\u00e2rlara ili\u015fkin bilgilerle beraber mimaride s\u00fcsleme \u00f6rnekleri, ah\u015fap i\u015fleri, mozaikler, denizkabu\u011fu i\u015fleme ve camdan portreler, \u00e7\u00f6mlek\u00e7ilik, has\u0131r \u00f6rme, tekstil, ve hal\u0131 \u00f6rnekleri verilmi\u015ftir.<\/p>\n","protected":false},"excerpt":{"rendered":"<p><strong>Rabat, Elsanatlar\u0131nda Geli\u015fme \u0130mk\u00e2nlar\u0131 Uluslararas\u0131 Semineri Bildirileri, 23-25 Ekim 1991<\/strong><\/p>\n<p>Yay\u0131n i\u00e7in derleyen: Nazih Maarouf<br \/>\nIRCICA, \u0130stanbul, 1993, res. 472 s. (\u0130ngilizce, Arap\u00e7a veya Frans\u0131zca makaleler)<\/p>\n","protected":false},"featured_media":27954,"template":"","meta":{"_acf_changed":false,"_mi_skip_tracking":false},"product_cat":[163],"product_tag":[],"class_list":{"0":"post-27956","1":"product","2":"type-product","3":"status-publish","4":"has-post-thumbnail","6":"product_cat-sanat-el-sanatlari","8":"first","9":"outofstock","10":"shipping-taxable","11":"purchasable","12":"product-type-simple"},"acf":[],"aioseo_notices":[],"_links":{"self":[{"href":"https:\/\/www.ircica.org\/tr\/wp-json\/wp\/v2\/product\/27956","targetHints":{"allow":["GET"]}}],"collection":[{"href":"https:\/\/www.ircica.org\/tr\/wp-json\/wp\/v2\/product"}],"about":[{"href":"https:\/\/www.ircica.org\/tr\/wp-json\/wp\/v2\/types\/product"}],"wp:featuredmedia":[{"embeddable":true,"href":"https:\/\/www.ircica.org\/tr\/wp-json\/wp\/v2\/media\/27954"}],"wp:attachment":[{"href":"https:\/\/www.ircica.org\/tr\/wp-json\/wp\/v2\/media?parent=27956"}],"wp:term":[{"taxonomy":"product_cat","embeddable":true,"href":"https:\/\/www.ircica.org\/tr\/wp-json\/wp\/v2\/product_cat?post=27956"},{"taxonomy":"product_tag","embeddable":true,"href":"https:\/\/www.ircica.org\/tr\/wp-json\/wp\/v2\/product_tag?post=27956"}],"curies":[{"name":"wp","href":"https:\/\/api.w.org\/{rel}","templated":true}]}}