{"id":27978,"date":"2003-08-18T00:00:00","date_gmt":"2003-08-17T21:00:00","guid":{"rendered":"https:\/\/www.ircica.org\/publications\/kategorilenmemis\/inventory-of-ottoman-turkish-documents-about-waqf-preserved-in-the-oriental-department-at-the-st-st-cyril-and-methodius-national-library-part-1-registers"},"modified":"2025-07-07T16:44:15","modified_gmt":"2025-07-07T13:44:15","slug":"inventory-of-ottoman-turkish-documents-about-waqf-preserved-in-the-oriental-department-at-the-st-st-cyril-and-methodius-national-library-part-1-registers","status":"publish","type":"product","link":"https:\/\/www.ircica.org\/tr\/yayinlar\/osmanli-devleti-ve-medeniyeti\/st-cyril-ve-methodius-milli-kutuphanesi-sarkiyat-bolumunde-korunan-vakiflara-iliskin-osmanli-turk-belgeleri-envanteri-bolum-1-defterler","title":{"rendered":"St. Cyril ve Methodius Milli K\u00fct\u00fcphanesi \u015earkiyat B\u00f6l\u00fcm\u00fc&#8217;nde Korunan Vak\u0131flara \u0130li\u015fkin Osmanl\u0131 T\u00fcrk Belgeleri Envanteri (B\u00f6l\u00fcm 1- Defterler)"},"content":{"rendered":"<p>Bu envanter ara\u015ft\u0131rmac\u0131lar Evgeni Radushev, Svetlana Ivanova ve Rumen Kovachev taraf\u0131ndan, siciller ve vakfiyeler \u015feklinde muhafaza edilen vak\u0131f belgeleri serisi ile vak\u0131flara ili\u015fkin iki \u00f6zel kad\u0131 sicili \u00fczerinde derlenmi\u015ftir. Burada ele al\u0131nmayan tekli belgelerin envanterin bir ikinci cildinde ele al\u0131nmas\u0131 gerekmektedir. Her madde i\u00e7in ayr\u0131nt\u0131l\u0131 a\u00e7\u0131klamalar verilmi\u015ftir. Sicillerde yer alan veriler, \u00f6zellikle Balkanlar ve Anadolu&#8217;daki arazi vak\u0131flar\u0131n\u0131n yerleri, kurucular\u0131, vak\u0131f m\u00fclklerinin t\u00fcrleri, yer adlar\u0131 ve adlar\u0131, vak\u0131f g\u00f6revlilerinin maa\u015flar\u0131, \u00e7e\u015fitli vak\u0131flar\u0131n piyasa fiyatlar\u0131 ve i\u015fletmeleri hakk\u0131nda bilgi vermekte, Osmanl\u0131 \u0130mparatorlu\u011fu&#8217;ndaki vak\u0131f y\u00f6netimi sistemlerini yans\u0131tmaktad\u0131r. Envanterde yaln\u0131zca Sofya&#8217;daki Milli K\u00fct\u00fcphane&#8217;nin \u015earkiyat B\u00f6l\u00fcm\u00fc fonlar\u0131ndan al\u0131nan 472 belge yer alm\u0131\u015ft\u0131r. Bunlar \u00e7o\u011funlukla Osmanl\u0131ca veya Arap\u00e7ad\u0131r. Ait olduklar\u0131 d\u00f6nemler 15. ve 20. y\u00fczy\u0131llar aras\u0131nda de\u011fi\u015fmektedir. Belgeler kronolojik s\u0131raya g\u00f6re d\u00fczenlenmi\u015ftir.<\/p>\n<p>Ciltte yer alan ve vak\u0131f kurucular\u0131n\u0131n, m\u00fctevellilerinin ve baz\u0131 g\u00f6revlilerin adlar\u0131n\u0131 listeleyen indeks imparatorlu\u011fun idar\u00ee tarihi kadar yerel tarih a\u00e7\u0131s\u0131ndan da \u00f6nem ta\u015f\u0131maktad\u0131r. Yer dizini k\u00f6y ve mahallelerin Osmanl\u0131ca ve modern adlar\u0131n\u0131 vermekte, bunu konu dizini ve terimler s\u00f6zl\u00fc\u011f\u00fc izlemektedir. S\u00f6zl\u00fckte Osmanl\u0131 tarihi \u00fczerine \u00e7al\u0131\u015fan ara\u015ft\u0131rmac\u0131lar i\u00e7in faydal\u0131 bilgiler yer almaktad\u0131r.<\/p>\n<p>Bu yay\u0131n Balkanlar&#8217;daki Osmanl\u0131 sosyal ve ekonomik tarihine ili\u015fkin faydal\u0131 bir kaynak te\u015fkil etmektedir.<\/p>\n","protected":false},"excerpt":{"rendered":"<p>Haz\u0131rlayan: Evgeni Radushev, Svetlana Ivanova, Rumen Kovachev<br \/>\nIRCICA ve Uluslararas\u0131 Az\u0131nl\u0131k \u00c7al\u0131\u015fmalar\u0131 ve K\u00fclt\u00fcrleraras\u0131 \u0130li\u015fkiler Merkezi (IMIR) sponsorlu\u011funda, Sofya, Bulgaristan 2003<\/p>\n","protected":false},"featured_media":27975,"template":"","meta":{"_acf_changed":false,"_mi_skip_tracking":false},"product_cat":[368],"product_tag":[],"class_list":{"0":"post-27978","1":"product","2":"type-product","3":"status-publish","4":"has-post-thumbnail","6":"product_cat-osmanli-devleti-ve-medeniyeti","8":"first","9":"outofstock","10":"shipping-taxable","11":"purchasable","12":"product-type-simple"},"acf":[],"aioseo_notices":[],"_links":{"self":[{"href":"https:\/\/www.ircica.org\/tr\/wp-json\/wp\/v2\/product\/27978","targetHints":{"allow":["GET"]}}],"collection":[{"href":"https:\/\/www.ircica.org\/tr\/wp-json\/wp\/v2\/product"}],"about":[{"href":"https:\/\/www.ircica.org\/tr\/wp-json\/wp\/v2\/types\/product"}],"wp:featuredmedia":[{"embeddable":true,"href":"https:\/\/www.ircica.org\/tr\/wp-json\/wp\/v2\/media\/27975"}],"wp:attachment":[{"href":"https:\/\/www.ircica.org\/tr\/wp-json\/wp\/v2\/media?parent=27978"}],"wp:term":[{"taxonomy":"product_cat","embeddable":true,"href":"https:\/\/www.ircica.org\/tr\/wp-json\/wp\/v2\/product_cat?post=27978"},{"taxonomy":"product_tag","embeddable":true,"href":"https:\/\/www.ircica.org\/tr\/wp-json\/wp\/v2\/product_tag?post=27978"}],"curies":[{"name":"wp","href":"https:\/\/api.w.org\/{rel}","templated":true}]}}