{"id":28270,"date":"1994-08-18T00:00:00","date_gmt":"1994-08-17T21:00:00","guid":{"rendered":"https:\/\/www.ircica.org\/publications\/kategorilenmemis\/studije-o-bosni-historijski-prilozi-iz-osmansko-turskog-perioda"},"modified":"2025-07-07T16:44:27","modified_gmt":"2025-07-07T13:44:27","slug":"studije-o-bosni-historijski-prilozi-iz-osmansko-turskog-perioda","status":"publish","type":"product","link":"https:\/\/www.ircica.org\/tr\/yayinlar\/islam-medeniyeti-tarihi\/dogu-avrupa-ve-balkanlar\/bosna-incelemeleri-bosnada-osmanli-turk-doneminin-tarihe-katkilari","title":{"rendered":"Bosna \u0130ncelemeleri. Bosna\u2019da Osmanl\u0131-T\u00fcrk d\u00f6neminin tarihe katk\u0131lar\u0131"},"content":{"rendered":"<p>Bu eser, Bosnal\u0131 tarih\u00e7i Dr. Adem Handzi\u0107&#8217;in (1916-1998) Bosna&#8217;daki erken Osmanl\u0131 d\u00f6neminin sosyo-ekonomik geli\u015fmelerini ele alan on sekiz makalesini i\u00e7ermektedir. Makaleler a\u011f\u0131rl\u0131kl\u0131 olarak \u0130slam&#8217;\u0131n Bosna&#8217;ya giri\u015fi, g\u00f6\u00e7ler ve bunlar\u0131n \u00fclkenin demografik yap\u0131s\u0131 \u00fczerindeki etkileri, kentsel yerle\u015fimler, vak\u0131f kurumunun sosyal ve ekonomik rol\u00fc ve Balkanlar&#8217;daki erken d\u00f6nem Osmanl\u0131 idar\u00ee te\u015fkilat\u0131 konular\u0131 \u00fczerinedir. Takdim, tan\u0131nm\u0131\u015f Bosnal\u0131 tarih\u00e7i ve yazar, Ord. Prof. Mustafa Imamovi\u0107 (1941-2017) taraf\u0131ndan yaz\u0131lm\u0131\u015ft\u0131r. Her makalenin \u0130ngilizce \u00f6zeti verilmi\u015ftir.<\/p>\n","protected":false},"excerpt":{"rendered":"<p><strong>Studije o Bosni, Historijski Prilozi iz Osmansko-Turskog Perioda<\/strong><\/p>\n<p>Yazar:Adem Handzi\u0107<br \/>\nTakdim: Mustafa \u0130mamovi\u0107<br \/>\n\u0130stanbul, 1994 (Bo\u015fnak\u00e7a, \u0130ngilizce \u00f6zetler)<\/p>\n","protected":false},"featured_media":28267,"template":"","meta":{"_acf_changed":false,"_mi_skip_tracking":false},"product_cat":[365],"product_tag":[],"class_list":{"0":"post-28270","1":"product","2":"type-product","3":"status-publish","4":"has-post-thumbnail","6":"product_cat-dogu-avrupa-ve-balkanlar","8":"first","9":"outofstock","10":"shipping-taxable","11":"purchasable","12":"product-type-simple"},"acf":[],"aioseo_notices":[],"_links":{"self":[{"href":"https:\/\/www.ircica.org\/tr\/wp-json\/wp\/v2\/product\/28270","targetHints":{"allow":["GET"]}}],"collection":[{"href":"https:\/\/www.ircica.org\/tr\/wp-json\/wp\/v2\/product"}],"about":[{"href":"https:\/\/www.ircica.org\/tr\/wp-json\/wp\/v2\/types\/product"}],"wp:featuredmedia":[{"embeddable":true,"href":"https:\/\/www.ircica.org\/tr\/wp-json\/wp\/v2\/media\/28267"}],"wp:attachment":[{"href":"https:\/\/www.ircica.org\/tr\/wp-json\/wp\/v2\/media?parent=28270"}],"wp:term":[{"taxonomy":"product_cat","embeddable":true,"href":"https:\/\/www.ircica.org\/tr\/wp-json\/wp\/v2\/product_cat?post=28270"},{"taxonomy":"product_tag","embeddable":true,"href":"https:\/\/www.ircica.org\/tr\/wp-json\/wp\/v2\/product_tag?post=28270"}],"curies":[{"name":"wp","href":"https:\/\/api.w.org\/{rel}","templated":true}]}}